{"id":11178,"date":"2023-11-21T13:22:06","date_gmt":"2023-11-21T12:22:06","guid":{"rendered":"https:\/\/incaplay.pl\/regulamin-bistro-wlosko-i-my\/"},"modified":"2024-09-11T23:52:26","modified_gmt":"2024-09-11T21:52:26","slug":"regulations-of-the-wlosko-i-my-bistro","status":"publish","type":"page","link":"https:\/\/incaplay.pl\/en\/regulations-of-the-wlosko-i-my-bistro\/","title":{"rendered":"Regulations of the W\u0142osko i My Bistro"},"content":{"rendered":"\t\t<div data-elementor-type=\"wp-page\" data-elementor-id=\"11178\" class=\"elementor elementor-11178 elementor-2617\" data-elementor-post-type=\"page\">\n\t\t\t\t<div class=\"elementor-element elementor-element-4970df6 e-flex e-con-boxed e-con e-parent\" data-id=\"4970df6\" data-element_type=\"container\">\n\t\t\t\t\t<div class=\"e-con-inner\">\n\t\t\t\t<div class=\"elementor-element elementor-element-70ba39f elementor-widget elementor-widget-heading\" data-id=\"70ba39f\" data-element_type=\"widget\" data-widget_type=\"heading.default\">\n\t\t\t\t<div class=\"elementor-widget-container\">\n\t\t\t\t\t<h1 class=\"elementor-heading-title elementor-size-default\">Regulations of the W\u0142osko i My Bistro<\/h1>\t\t\t\t<\/div>\n\t\t\t\t<\/div>\n\t\t\t\t<div class=\"elementor-element elementor-element-d434d4a elementor-widget elementor-widget-heading\" data-id=\"d434d4a\" data-element_type=\"widget\" data-widget_type=\"heading.default\">\n\t\t\t\t<div class=\"elementor-widget-container\">\n\t\t\t\t\t<h6 class=\"elementor-heading-title elementor-size-default\">Operated by Magic City Sp. Z o. o. with its headquarters in Warsaw<\/h6>\t\t\t\t<\/div>\n\t\t\t\t<\/div>\n\t\t\t\t\t<\/div>\n\t\t\t\t<\/div>\n\t\t<div class=\"elementor-element elementor-element-6de6254 e-flex e-con-boxed e-con e-parent\" data-id=\"6de6254\" data-element_type=\"container\">\n\t\t\t\t\t<div class=\"e-con-inner\">\n\t\t\t\t<div class=\"elementor-element elementor-element-57d0cf7 elementor-widget elementor-widget-text-editor\" data-id=\"57d0cf7\" data-element_type=\"widget\" data-widget_type=\"text-editor.default\">\n\t\t\t\t<div class=\"elementor-widget-container\">\n\t\t\t\t\t\t\t\t\t<ol><li><span style=\"color: #000000;\"><span style=\"font-family: Helvetica Neue, serif;\"><span style=\"font-size: small;\"><span style=\"font-size: medium;\">These Regulations determine the rights and obligations of persons using the W\u0142osko i My Bistro. Entry into the W\u0142osko i My Bistro area is equivalent to the acceptance of these Regulations.<\/span><\/span><\/span><\/span><span style=\"color: #000000;\"><span style=\"font-family: Helvetica Neue, serif;\"><span style=\"font-size: small;\"><span style=\"font-size: medium;\">The W\u0142osko i My Bistro may be used by children, who use the Inca Play Playground, and their guardians.<\/span><\/span><\/span><\/span><\/li><li><span style=\"color: #000000;\"><span style=\"font-family: Helvetica Neue, serif;\"><span style=\"font-size: small;\"><span style=\"font-size: medium;\">Children use the W\u0142osko i My Bistro only when under guardian or other adult supervision. The guardian is liable for any use of the W\u0142osko i My Bistro. <\/span><\/span><\/span><\/span><\/li><li><span style=\"color: #000000;\"><span style=\"font-family: Helvetica Neue, serif;\"><span style=\"font-size: small;\"><span style=\"font-size: medium;\">W\u0142osko i My Bistro is open on the same days and in the same hours as the Inca Play Playground.<\/span><\/span><\/span><\/span><\/li><li><span style=\"color: #000000;\"><span style=\"font-family: Helvetica Neue, serif;\"><span style=\"font-size: small;\"><span style=\"font-size: medium;\">It is forbidden to consume any food and drinks not purchased in the W\u0142osko i My Bistro, as well as any food from self-catering birthday parties on the premises of the W\u0142osko i My Bistro. Beverages and food may only be consumed in designated places such as the W\u0142osko i My Bistro or Birthday Party Rooms, seating areas in the Main Hall. It is strictly forbidden to consume food and beverages on attractions, structures and toys.<\/span><\/span><\/span><\/span><\/li><li><span style=\"color: #000000;\"><span style=\"font-family: Helvetica Neue, serif;\"><span style=\"font-size: small;\"><span style=\"font-size: medium;\">We kindly ask you to order wisely- ordered products cannot be returned or exchanged.<\/span><\/span><\/span><\/span><\/li><li><span style=\"color: #000000;\"><span style=\"font-family: Helvetica Neue, serif;\"><span style=\"font-size: small;\"><span style=\"font-size: medium;\">Before purchase, the Customer has the right to inquire about the ingredients of a product and the wait time for its preparation. <\/span><\/span><\/span><\/span><\/li><li><span style=\"color: #000000;\"><span style=\"font-family: Helvetica Neue, serif;\"><span style=\"font-size: small;\"><span style=\"font-size: medium;\">The W\u0142osko i My Bistro does not offer waitering services, therefore ordered products must be collected in person after they are prepared. If the Customer is tardy in collecting his\/her order, then W\u0142osko i My Bistro is no longer responsible for any changes which may occur to the products during this time. <\/span><\/span><\/span><\/span><\/li><li><span style=\"color: #000000;\"><span style=\"font-family: Helvetica Neue, serif;\"><span style=\"font-size: small;\"><span style=\"font-size: medium;\">The joining of tables in W\u0142osko i My Bistro is forbidden. This does not concern the joining of tables by personnel of the W\u0142osko i My Bistro.<\/span><\/span><\/span><\/span><\/li><li><span style=\"color: #000000;\"><span style=\"font-family: Helvetica Neue, serif;\"><span style=\"font-size: small;\"><span style=\"font-size: medium;\">There is a charge for table reservations. Reservations may be made by telephone, e-mail or in person at the Inca Play Playground reception. The current cost of reservations is given by Inca Play Playground reception employees.<\/span><\/span><\/span><\/span><\/li><li><span style=\"color: #000000;\"><span style=\"font-family: Helvetica Neue, serif;\"><span style=\"font-size: small;\"><span style=\"font-size: medium;\">The Inca Play Administrator and Blue City Shopping Centre Administrator are not responsible for any loss or damage to items left in the W\u0142osko i My Bistro unless the loss or damage is caused by them.<\/span><\/span><\/span><\/span><\/li><li><span style=\"color: #000000;\"><span style=\"font-family: Helvetica Neue, serif;\"><span style=\"font-size: small;\"><span style=\"font-size: medium;\">The personnel of W\u0142osko i My Bistro reserve the right to clear tables and food\/ordered products and to its utilisation, if they believe that a table has been abandoned by customers. <\/span><\/span><\/span><\/span><\/li><li><span style=\"color: #000000;\"><span style=\"font-family: Helvetica Neue, serif;\"><span style=\"font-size: small;\"><span style=\"font-size: medium;\">It is forbidden to smoke tobacco and consume alcoholic beverages in the W\u0142osko i My Bistro. Persons under the influence of alcohol or other intoxicants are not allowed onto the premises of the W\u0142osko i My Bistro. <\/span><\/span><\/span><\/span><\/li><li><span style=\"color: #000000;\"><span style=\"font-family: Helvetica Neue, serif;\"><span style=\"font-size: small;\"><span style=\"font-size: medium;\">The customers of W\u0142osko i My Bistro are liable to any damage they cause to the property of the W\u0142osko i My Bistro.<\/span><\/span><\/span><\/span><span style=\"color: #000000;\"><span style=\"font-family: Helvetica Neue, serif;\"><span style=\"font-size: small;\"><span style=\"font-size: medium;\">These W\u0142osko i My Bistro Regulations are supplemented by the Inca Play Playground and Birthday Party Regulations. For matters unregulated in these Regulations, the above mentioned Regulations shall apply.<\/span><\/span><\/span><\/span><\/li><li><span style=\"color: #000000;\"><span style=\"font-family: Helvetica Neue, serif;\"><span style=\"font-size: small;\"><span style=\"font-size: medium;\">The personnel of the W\u0142osko i My Bistro are not liable for any items left in the W\u0142osko i My Bistro, in this, items left unattended.<\/span><\/span><\/span><\/span><\/li><li><span lang=\"en-US\">The Inca Play Administrator is not held responsible for delays in the realisation of, or inability to realise ordered services\/offer due to circumstances beyond their control such as: delay causing accidents, respecting the demands of the Blue City Shopping Centre administrator, fire services or Shopping Centre security, the death or injury of an Inca Play employee\/ subcontractor, acts of vandalism or terror; the closing of the Shopping Centre; break-downs of attractions, appliances, electricity, other factors essential to the realisation of services\/offer; fire hazards and other chance events<\/span>.<\/li><\/ol>\t\t\t\t\t\t\t\t<\/div>\n\t\t\t\t<\/div>\n\t\t\t\t\t<\/div>\n\t\t\t\t<\/div>\n\t\t\t\t<\/div>\n\t\t","protected":false},"excerpt":{"rendered":"<p>Regulations of the W\u0142osko i My Bistro Operated by Magic City Sp. Z o. o. with its headquarters in Warsaw These Regulations determine the rights and obligations of persons using the W\u0142osko i My Bistro. Entry into the W\u0142osko i My Bistro area is equivalent to the acceptance of these Regulations.The W\u0142osko i My Bistro [&hellip;]<\/p>\n","protected":false},"author":1,"featured_media":0,"parent":0,"menu_order":0,"comment_status":"closed","ping_status":"closed","template":"","meta":{"_acf_changed":false,"footnotes":""},"class_list":["post-11178","page","type-page","status-publish","hentry"],"acf":[],"yoast_head":"<!-- This site is optimized with the Yoast SEO plugin v27.2 - https:\/\/yoast.com\/product\/yoast-seo-wordpress\/ -->\n<title>Regulations of the W\u0142osko i My Bistro - Inca Play: Sala Zabaw<\/title>\n<meta name=\"robots\" content=\"index, follow, max-snippet:-1, max-image-preview:large, max-video-preview:-1\" \/>\n<link rel=\"canonical\" href=\"https:\/\/incaplay.pl\/regulamin-bistro-wlosko-i-my\/\" \/>\n<meta property=\"og:locale\" content=\"en_US\" \/>\n<meta property=\"og:type\" content=\"article\" \/>\n<meta property=\"og:title\" content=\"Regulations of the W\u0142osko i My Bistro - Inca Play: Sala Zabaw\" \/>\n<meta property=\"og:description\" content=\"Regulations of the W\u0142osko i My Bistro Operated by Magic City Sp. Z o. o. with its headquarters in Warsaw These Regulations determine the rights and obligations of persons using the W\u0142osko i My Bistro. Entry into the W\u0142osko i My Bistro area is equivalent to the acceptance of these Regulations.The W\u0142osko i My Bistro [&hellip;]\" \/>\n<meta property=\"og:url\" content=\"https:\/\/incaplay.pl\/regulamin-bistro-wlosko-i-my\/\" \/>\n<meta property=\"og:site_name\" content=\"Inca Play: Sala Zabaw\" \/>\n<meta property=\"article:modified_time\" content=\"2024-09-11T21:52:26+00:00\" \/>\n<meta name=\"twitter:card\" content=\"summary_large_image\" \/>\n<meta name=\"twitter:label1\" content=\"Est. reading time\" \/>\n\t<meta name=\"twitter:data1\" content=\"3 minutes\" \/>\n<script type=\"application\/ld+json\" class=\"yoast-schema-graph\">{\"@context\":\"https:\/\/schema.org\",\"@graph\":[{\"@type\":\"WebPage\",\"@id\":\"https:\/\/incaplay.pl\/regulamin-bistro-wlosko-i-my\/\",\"url\":\"https:\/\/incaplay.pl\/regulamin-bistro-wlosko-i-my\/\",\"name\":\"Regulations of the W\u0142osko i My Bistro - Inca Play: Sala Zabaw\",\"isPartOf\":{\"@id\":\"https:\/\/incaplay.pl\/#website\"},\"datePublished\":\"2023-11-21T12:22:06+00:00\",\"dateModified\":\"2024-09-11T21:52:26+00:00\",\"breadcrumb\":{\"@id\":\"https:\/\/incaplay.pl\/regulamin-bistro-wlosko-i-my\/#breadcrumb\"},\"inLanguage\":\"en-US\",\"potentialAction\":[{\"@type\":\"ReadAction\",\"target\":[\"https:\/\/incaplay.pl\/regulamin-bistro-wlosko-i-my\/\"]}]},{\"@type\":\"BreadcrumbList\",\"@id\":\"https:\/\/incaplay.pl\/regulamin-bistro-wlosko-i-my\/#breadcrumb\",\"itemListElement\":[{\"@type\":\"ListItem\",\"position\":1,\"name\":\"Strona g\u0142\u00f3wna\",\"item\":\"https:\/\/incaplay.pl\/en\/\"},{\"@type\":\"ListItem\",\"position\":2,\"name\":\"Regulations of the W\u0142osko i My Bistro\"}]},{\"@type\":\"WebSite\",\"@id\":\"https:\/\/incaplay.pl\/#website\",\"url\":\"https:\/\/incaplay.pl\/\",\"name\":\"Inca Play\",\"description\":\"Sala Zabaw i Centrum rozrywki dla dzieci - Warszawa\",\"publisher\":{\"@id\":\"https:\/\/incaplay.pl\/#organization\"},\"potentialAction\":[{\"@type\":\"SearchAction\",\"target\":{\"@type\":\"EntryPoint\",\"urlTemplate\":\"https:\/\/incaplay.pl\/?s={search_term_string}\"},\"query-input\":{\"@type\":\"PropertyValueSpecification\",\"valueRequired\":true,\"valueName\":\"search_term_string\"}}],\"inLanguage\":\"en-US\"},{\"@type\":\"Organization\",\"@id\":\"https:\/\/incaplay.pl\/#organization\",\"name\":\"Inca Play\",\"url\":\"https:\/\/incaplay.pl\/\",\"logo\":{\"@type\":\"ImageObject\",\"inLanguage\":\"en-US\",\"@id\":\"https:\/\/incaplay.pl\/#\/schema\/logo\/image\/\",\"url\":\"https:\/\/incaplay.pl\/wp-content\/uploads\/2023\/10\/inca-play-logo-kolor-no-bg.png\",\"contentUrl\":\"https:\/\/incaplay.pl\/wp-content\/uploads\/2023\/10\/inca-play-logo-kolor-no-bg.png\",\"width\":800,\"height\":502,\"caption\":\"Inca Play\"},\"image\":{\"@id\":\"https:\/\/incaplay.pl\/#\/schema\/logo\/image\/\"}}]}<\/script>\n<!-- \/ Yoast SEO plugin. -->","yoast_head_json":{"title":"Regulations of the W\u0142osko i My Bistro - Inca Play: Sala Zabaw","robots":{"index":"index","follow":"follow","max-snippet":"max-snippet:-1","max-image-preview":"max-image-preview:large","max-video-preview":"max-video-preview:-1"},"canonical":"https:\/\/incaplay.pl\/regulamin-bistro-wlosko-i-my\/","og_locale":"en_US","og_type":"article","og_title":"Regulations of the W\u0142osko i My Bistro - Inca Play: Sala Zabaw","og_description":"Regulations of the W\u0142osko i My Bistro Operated by Magic City Sp. Z o. o. with its headquarters in Warsaw These Regulations determine the rights and obligations of persons using the W\u0142osko i My Bistro. Entry into the W\u0142osko i My Bistro area is equivalent to the acceptance of these Regulations.The W\u0142osko i My Bistro [&hellip;]","og_url":"https:\/\/incaplay.pl\/regulamin-bistro-wlosko-i-my\/","og_site_name":"Inca Play: Sala Zabaw","article_modified_time":"2024-09-11T21:52:26+00:00","twitter_card":"summary_large_image","twitter_misc":{"Est. reading time":"3 minutes"},"schema":{"@context":"https:\/\/schema.org","@graph":[{"@type":"WebPage","@id":"https:\/\/incaplay.pl\/regulamin-bistro-wlosko-i-my\/","url":"https:\/\/incaplay.pl\/regulamin-bistro-wlosko-i-my\/","name":"Regulations of the W\u0142osko i My Bistro - Inca Play: Sala Zabaw","isPartOf":{"@id":"https:\/\/incaplay.pl\/#website"},"datePublished":"2023-11-21T12:22:06+00:00","dateModified":"2024-09-11T21:52:26+00:00","breadcrumb":{"@id":"https:\/\/incaplay.pl\/regulamin-bistro-wlosko-i-my\/#breadcrumb"},"inLanguage":"en-US","potentialAction":[{"@type":"ReadAction","target":["https:\/\/incaplay.pl\/regulamin-bistro-wlosko-i-my\/"]}]},{"@type":"BreadcrumbList","@id":"https:\/\/incaplay.pl\/regulamin-bistro-wlosko-i-my\/#breadcrumb","itemListElement":[{"@type":"ListItem","position":1,"name":"Strona g\u0142\u00f3wna","item":"https:\/\/incaplay.pl\/en\/"},{"@type":"ListItem","position":2,"name":"Regulations of the W\u0142osko i My Bistro"}]},{"@type":"WebSite","@id":"https:\/\/incaplay.pl\/#website","url":"https:\/\/incaplay.pl\/","name":"Inca Play","description":"Sala Zabaw i Centrum rozrywki dla dzieci - Warszawa","publisher":{"@id":"https:\/\/incaplay.pl\/#organization"},"potentialAction":[{"@type":"SearchAction","target":{"@type":"EntryPoint","urlTemplate":"https:\/\/incaplay.pl\/?s={search_term_string}"},"query-input":{"@type":"PropertyValueSpecification","valueRequired":true,"valueName":"search_term_string"}}],"inLanguage":"en-US"},{"@type":"Organization","@id":"https:\/\/incaplay.pl\/#organization","name":"Inca Play","url":"https:\/\/incaplay.pl\/","logo":{"@type":"ImageObject","inLanguage":"en-US","@id":"https:\/\/incaplay.pl\/#\/schema\/logo\/image\/","url":"https:\/\/incaplay.pl\/wp-content\/uploads\/2023\/10\/inca-play-logo-kolor-no-bg.png","contentUrl":"https:\/\/incaplay.pl\/wp-content\/uploads\/2023\/10\/inca-play-logo-kolor-no-bg.png","width":800,"height":502,"caption":"Inca Play"},"image":{"@id":"https:\/\/incaplay.pl\/#\/schema\/logo\/image\/"}}]}},"_links":{"self":[{"href":"https:\/\/incaplay.pl\/en\/wp-json\/wp\/v2\/pages\/11178","targetHints":{"allow":["GET"]}}],"collection":[{"href":"https:\/\/incaplay.pl\/en\/wp-json\/wp\/v2\/pages"}],"about":[{"href":"https:\/\/incaplay.pl\/en\/wp-json\/wp\/v2\/types\/page"}],"author":[{"embeddable":true,"href":"https:\/\/incaplay.pl\/en\/wp-json\/wp\/v2\/users\/1"}],"replies":[{"embeddable":true,"href":"https:\/\/incaplay.pl\/en\/wp-json\/wp\/v2\/comments?post=11178"}],"version-history":[{"count":8,"href":"https:\/\/incaplay.pl\/en\/wp-json\/wp\/v2\/pages\/11178\/revisions"}],"predecessor-version":[{"id":14007,"href":"https:\/\/incaplay.pl\/en\/wp-json\/wp\/v2\/pages\/11178\/revisions\/14007"}],"wp:attachment":[{"href":"https:\/\/incaplay.pl\/en\/wp-json\/wp\/v2\/media?parent=11178"}],"curies":[{"name":"wp","href":"https:\/\/api.w.org\/{rel}","templated":true}]}}